{"id":27,"date":"2020-08-06T13:39:50","date_gmt":"2020-08-06T11:39:50","guid":{"rendered":"http:\/\/hjgroup.pl\/?page_id=27"},"modified":"2020-12-04T08:47:52","modified_gmt":"2020-12-04T07:47:52","slug":"consulting","status":"publish","type":"page","link":"https:\/\/hjgroup.pl\/?page_id=27","title":{"rendered":"CONSULTING"},"content":{"rendered":"<p>Nie masz pomys\u0142u na w\u0142asn\u0105 dzia\u0142alno\u015b\u0107? Nie wiesz co lub jak zmieni\u0107 w swojej firmie aby j\u0105 usprawni\u0107?<br \/>\nZastanawiasz si\u0119 jaki wariant planu biznesowego wybra\u0107 i wdro\u017cy\u0107 by osi\u0105ga\u0107 zyski?<br \/>\nWprowadzane zmiany w firmie nie przynosz\u0105 oczekiwanego przez Ciebie po\u017c\u0105danego efektu?<\/p>\n<p>Je\u015bli Twoja odpowied\u017a na kt\u00f3rekolwiek z wy\u017cej zadanych pyta\u0144 brzmi TAK, nie zastanawiaj si\u0119 i skontaktuj si\u0119 z nami aby pozna\u0107 odpowied\u017a, aby Twoja firma osi\u0105ga\u0142a oczekiwane przez Ciebie sukcesy.<\/p>\n<p>W HJ GROUP znajdziesz do\u015bwiadczenie, wiedz\u0119, sprawdzone metody, narz\u0119dzia b\u0119d\u0105ce owocem kilkunastoletniego do\u015bwiadczenia pracy w firmach mi\u0119dzynarodowych przekszta\u0142caj\u0105cych si\u0119 w korporacje. Udzia\u0142 w intensywnym rozwoju firm, mo\u017cliwo\u015b\u0107 wp\u0142ywu na zmiany w niej zachodz\u0105ce to niew\u0105tpliwie bezcenne do\u015bwiadczenie, kt\u00f3rym obecnie chcemy podzieli\u0107 si\u0119 z innymi. Z Tob\u0105.<\/p>\n<p>ZARZ\u0104DZANIE STRATEGICZNE<br \/>\nRozpocz\u0119cie dzia\u0142alno\u015bci jak i jej prowadzenie w dzisiejszych czasach jest nie lada wyzwaniem. Wymaga sporych nak\u0142ad\u00f3w pracy aby z sukcesem realizowa\u0107 postawione cele. Bywaj\u0105 jednak sytuacje, w kt\u00f3rych nasze starania, wiedza i kompetencje to za ma\u0142o. W\u00f3wczas nie wahaj si\u0119,  podejmij decyzj\u0119 i skontaktuj si\u0119 z nami, aby Twoja firma rozwija\u0142a swoj\u0105 dzia\u0142alno\u015b\u0107 z sukcesem.<br \/>\nW czym mo\u017cemy Ciebie wesprze\u0107?<br \/>\n&#8211; Dob\u00f3r modelu biznesowego;<br \/>\n&#8211; Analiza rynku i konkurencji;<br \/>\n&#8211; Analiza SWOT;<br \/>\n&#8211; Pozycjonowanie marki, cenowe, produktu;<br \/>\n&#8211; Dob\u00f3r kana\u0142\u00f3w dystrybucji, modele dystrybucji;<br \/>\nZesp\u00f3\u0142 HJ GROUP bra\u0142 udzia\u0142 w budowaniu ale i licznych modernizacjach firm krajowych i mi\u0119dzynarodowych buduj\u0105c na nowo strategi\u0119, struktur\u0119 organizacyjn\u0105, procesy, procedury, itp.<\/p>\n<p>WSPARCIE MARKETINGOWE<br \/>\nWymagania rynku, silna konkurencja, rosn\u0105ce oczekiwania klient\u00f3w wymagaj\u0105 od firm coraz wi\u0119kszych nak\u0142ad\u00f3w marketingowych. Jednak nie ka\u017cda firma ma odpowiednie zasoby, ma czas, kompetencje do w\u0142a\u015bciwego budowania komunikacji marketingowej b\u0105d\u017a podejmuje dzia\u0142ania w niew\u0142a\u015bciwy spos\u00f3b. Je\u015bli znajdujesz si\u0119 w sytuacji, w kt\u00f3rej nie jeste\u015b zadowolony z aktywno\u015bci marketingowej w swojej firmie, warto skorzysta\u0107 z us\u0142ug firmy zewn\u0119trznej. Powierz to firmie, kt\u00f3ra zapewni Tobie odpowiednie kroki, zaproponuje najefektywniejsze materia\u0142y i narz\u0119dzia marketingowe uwzgl\u0119dniaj\u0105c wszystkie uwarunkowania i trendy. W HJ GROUP pod\u0105\u017camy za nowo\u015bciami, trendami, wci\u0105\u017c aktualizujemy swoj\u0105 wiedz\u0119 w zakresie marketingu. Nasz Zesp\u00f3\u0142 stworzy\u0142 wiele projekt\u00f3w etykiet, ulotek, komunikacji wspieraj\u0105cej dzia\u0142alno\u015b\u0107 firm, z kt\u00f3rymi wsp\u00f3\u0142pracowali\u015bmy. Z wieloletniego do\u015bwiadczenia jeste\u015bmy w stanie szybko dobra\u0107 odpowiednie dzia\u0142ania by Twoja firma nabra\u0142a rozp\u0119du.<br \/>\n&#8211; Ocena aktywno\u015bci marketingowej;<br \/>\n&#8211; Plan marketingowy;<br \/>\n&#8211; Opracowanie, wdro\u017cenie komunikacji i materia\u0142\u00f3w marketingowych;<br \/>\n&#8211; Tworzenie i zarz\u0105dzanie stronami internetowymi;<br \/>\n&#8211; Badania rynku (ilo\u015bciowe, jako\u015bciowe).<\/p>\n<p>ZARZ\u0104DZANIE PRODUKTEM<br \/>\nDobry pomys\u0142 nie musi oznacza\u0107 wdro\u017cenia dobrego produktu, kt\u00f3ry spe\u0142ni oczekiwania klienta. Dobry produkt wymaga szeregu dzia\u0142a\u0144 czy to czysto analitycznych, technicznych, finansowych na marketingowych ko\u0144cz\u0105c. Wdro\u017cenie produktu w za\u0142o\u017conym terminie, bez generowania dodatkowych koszt\u00f3w ponad te zaplanowane, spe\u0142nienie wymaga\u0144 rynku \u2013 nie jeste\u015b pewien jak to zrobi\u0107? A mo\u017ce nie wiesz gdzie pope\u0142ni\u0142e\u015b b\u0142\u0105d, co posz\u0142o nie tak?<br \/>\nNasz Zesp\u00f3\u0142 ma swoim koncie liczne wdro\u017cenia nowych produkt\u00f3w, linii produkt\u00f3w w Polsce jak i za granicami. Gwarantujemy wsparcie pocz\u0105wszy od powstania idei a ko\u0144cz\u0105c na monitoringu powdro\u017ceniowym. Pragniemy wspiera\u0107 innych w tworzeniu i wdra\u017caniu produkt\u00f3w, kt\u00f3re spotkaj\u0105 si\u0119 z pozytywnym odbiorem na rynku. Zidentyfikujemy nieprawid\u0142owo\u015bci, zrealizujemy sprawne dzia\u0142ania naprawcze.<br \/>\n&#8211; Planowanie i wdro\u017cenie nowego produktu lub pakietu produkt\u00f3w;<br \/>\n&#8211; Analiza portfolio produkt\u00f3w, okre\u015blenie zakresu modyfikacji i ich wdro\u017cenie;<br \/>\n&#8211; Follow up \u2013 monitoring powdro\u017ceniowy;<br \/>\n&#8211; Brain storming \u2013 nowe pomys\u0142y, innowacje;<\/p>\n<p>ZARZ\u0104DZANIE PROJEKTEM<br \/>\nProwadzenie projekt\u00f3w bywa nie lada wyzwaniem. Za\u0142o\u017cenia projektu, zesp\u00f3\u0142, nadz\u00f3r i kontrola, szybka identyfikacja problem\u00f3w i sprawne dzia\u0142ania naprawcze. Czytasz i ju\u017c wiesz, \u017ce w prowadzonych przez Ciebie projekcie s\u0105 braki, problemy, z kt\u00f3rymi nie mo\u017cesz sobie poradzi\u0107. Nie masz pomys\u0142u jak sobie z tym poradzi\u0107. Termin projektu dobiega ko\u0144ca, koszty projektu rosn\u0105 a efekt\u00f3w nie widzisz. Mo\u017ce to w\u0142a\u015bnie ten moment, w kt\u00f3rym powiniene\u015b si\u0119gn\u0105\u0107 po wsparcie.<br \/>\nWieloletnie prowadzenie projekt\u00f3w o r\u00f3\u017cnej skali rozmiaru &#8211; i zasi\u0119gu geograficznym, zdobyte do\u015bwiadczenie Do ka\u017cdego projektu podchodzimy indywidualnie, wdra\u017camy zmiany, narz\u0119dzia by sprawnie zarz\u0105dza\u0107 projektami. By realizowa\u0107 je zgodnie z harmonogramem. By czerpa\u0107 korzy\u015bci z projektu \u2013 tak jak to by\u0142o zaplanowane. Zatem do dzie\u0142a! Zr\u00f3b to z nami.<br \/>\n&#8211; Wdro\u017cenie nowego\/modyfikacja istniej\u0105cego produktu lub pakietu produkt\u00f3w;<br \/>\n&#8211; Wprowadzenie nowego oprogramowania;<br \/>\n&#8211; Zmiany legislacyjne i certyfikacja;<br \/>\n&#8211; Kampanie promocyjne;<br \/>\n&#8211; Wydarzenia;<br \/>\n&#8211; Inne.<\/p>\n<p>SZKOLENIA<br \/>\nAby firma mog\u0142a w naturalny spos\u00f3b si\u0119 rozwija\u0107 musi inwestowa\u0107 w rozw\u00f3j swojego Zespo\u0142u. Szkolenia maj\u0105 cz\u0119sto na celu wzmacnia\u0107 kompetencje pracownik\u00f3w, aby realizowali lepiej swoje obowi\u0105zki i powierzone im zadania. Zadaniem szkole\u0144 jest te\u017c standaryzacja wiedzy, by podnie\u015b\u0107 jako\u015b\u0107 pracy pracownik\u00f3w. Warunkiem powodzenia ka\u017cdego szkolenia s\u0105 w\u0142a\u015bciwie okre\u015blone potrzeby szkoleniowe i poprawnie przeprowadzone szkolenie.<br \/>\nZdobyte do\u015bwiadczenie w prowadzonych szkoleniach dla pracownik\u00f3w firm, klient\u00f3w z Polski jak i z najodleglejszych zak\u0105tk\u00f3w \u015bwiata realnie prze\u0142o\u017cy\u0142y si\u0119 na kompetencje i wyniki finansowe firmy. To cz\u0119sto niepodwa\u017calny dow\u00f3d na nasz\u0105 skuteczno\u015b\u0107.<br \/>\n&#8211; Jak przygotowa\u0107 i realizowa\u0107 szkolenia produktowe;<br \/>\n&#8211; Skuteczne wdro\u017cenie &#8211; szybsze efekty pracy;<br \/>\n&#8211; Szkolenia z zakresu procedur i proces\u00f3w w firmie;<br \/>\n&#8211; Szkolenia sprzeda\u017cowe;<br \/>\n&#8211; Szkolenia kompetencyjne;<\/p>\n<p>E-LEARNING<br \/>\nWiedza, kompetencje, do\u015bwiadczenie pracownik\u00f3w w po\u0142\u0105czeniu z know-how i procesami firmy to  mechanizm nap\u0119dowy ka\u017cdej firmy. Jego poprawne dzia\u0142anie pozwala realizowa\u0107 postawione cele. Zmiany w firmie, nowe aktywno\u015bci, nowi pracownicy wymagaj\u0105 wdro\u017cenia. Tu cz\u0119sto pojawiaj\u0105 si\u0119 problemy. Ustalenie terminu szkolenia, okre\u015blenie grupy os\u00f3b wymagaj\u0105cych szkolenia, doprecyzowanie zakresu szkolenia \u2013 robi\u0105 si\u0119 schody. Jednym s\u0142owem \u2013 szkolenia cz\u0119sto w firmie to wyzwanie organizacyjne.<br \/>\nZnamy spos\u00f3b aby rozwi\u0105za\u0107 znaczn\u0105 cz\u0119\u015b\u0107 problem\u00f3w zwi\u0105zanych ze szkoleniami. E-learning. To wci\u0105\u017c nowa metoda realizacji szkole\u0144, kt\u00f3ra niesie szereg korzy\u015bci dla firmy i pracownik\u00f3w. To spos\u00f3b na przygotowanie pakiet\u00f3w szkole\u0144 dedykowanych do poszczeg\u00f3lnych stanowisk lub ich grup. Szkolenia dost\u0119pne na komputerze, tablecie czy telefonie kom\u00f3rkowym pozwalaj\u0105 na nauk\u0119 w dogodnym miejscu i terminie. To te\u017c gwarancja, \u017ce kolejne osoby przechodz\u0105ce przez szkolenie pozyskaj\u0105 dok\u0142adnie t\u0105 sam\u0105 wiedz\u0119, dzi\u0119ki czemu zachodzi oczekiwana w wielu firmach standaryzacja wiedzy podnosz\u0105ca jako\u015b\u0107 pracy wszystkich w firmie. Wiemy  jakie korzy\u015bci uzyskasz, wi\u0119c nie wahaj si\u0119. Skontaktuj si\u0119 z nami \u2013 przedstawimy Tobie w szczeg\u00f3\u0142ach potencja\u0142 i mo\u017cliwo\u015bci szkole\u0144 e-learningowych.<br \/>\n&#8211; Szkolenia produktowe;<br \/>\n&#8211; Szkolenia wdra\u017caj\u0105ce;<br \/>\n&#8211; Szkolenia z zakresu procedur i proces\u00f3w w firmie;<br \/>\n&#8211; Szkolenia sprzeda\u017cowe;<br \/>\n&#8211; Szkolenia kompetencyjne;<\/p>\n<p>Skontaktuj si\u0119 z nami aby pozna\u0107 szczeg\u00f3\u0142ow\u0105 ofert\u0119 firmy.<\/p>\n","protected":false},"excerpt":{"rendered":"<p>Nie masz pomys\u0142u na w\u0142asn\u0105 dzia\u0142alno\u015b\u0107? Nie wiesz co lub jak zmieni\u0107 w swojej firmie aby j\u0105 usprawni\u0107? Zastanawiasz si\u0119 [&hellip;]<\/p>\n","protected":false},"author":1,"featured_media":77,"parent":0,"menu_order":0,"comment_status":"closed","ping_status":"closed","template":"","meta":{"footnotes":""},"class_list":["post-27","page","type-page","status-publish","has-post-thumbnail","hentry"],"_links":{"self":[{"href":"https:\/\/hjgroup.pl\/index.php?rest_route=\/wp\/v2\/pages\/27","targetHints":{"allow":["GET"]}}],"collection":[{"href":"https:\/\/hjgroup.pl\/index.php?rest_route=\/wp\/v2\/pages"}],"about":[{"href":"https:\/\/hjgroup.pl\/index.php?rest_route=\/wp\/v2\/types\/page"}],"author":[{"embeddable":true,"href":"https:\/\/hjgroup.pl\/index.php?rest_route=\/wp\/v2\/users\/1"}],"replies":[{"embeddable":true,"href":"https:\/\/hjgroup.pl\/index.php?rest_route=%2Fwp%2Fv2%2Fcomments&post=27"}],"version-history":[{"count":2,"href":"https:\/\/hjgroup.pl\/index.php?rest_route=\/wp\/v2\/pages\/27\/revisions"}],"predecessor-version":[{"id":60,"href":"https:\/\/hjgroup.pl\/index.php?rest_route=\/wp\/v2\/pages\/27\/revisions\/60"}],"wp:featuredmedia":[{"embeddable":true,"href":"https:\/\/hjgroup.pl\/index.php?rest_route=\/wp\/v2\/media\/77"}],"wp:attachment":[{"href":"https:\/\/hjgroup.pl\/index.php?rest_route=%2Fwp%2Fv2%2Fmedia&parent=27"}],"curies":[{"name":"wp","href":"https:\/\/api.w.org\/{rel}","templated":true}]}}