{"id":29,"date":"2020-08-06T13:39:50","date_gmt":"2020-08-06T11:39:50","guid":{"rendered":"http:\/\/hjgroup.pl\/?page_id=29"},"modified":"2020-12-28T12:23:19","modified_gmt":"2020-12-28T11:23:19","slug":"uslugi","status":"publish","type":"page","link":"https:\/\/hjgroup.pl\/?page_id=29","title":{"rendered":"US\u0141UGI"},"content":{"rendered":"<p>Jednym z 3 g\u0142\u00f3wnych filar\u00f3w dzia\u0142alno\u015bci HJ GROUP s\u0105 US\u0141UGI.<\/p>\n<p>Wi\u0119cej szczeg\u00f3\u0142\u00f3w ju\u017c wkr\u00f3tce!<\/p>\n","protected":false},"excerpt":{"rendered":"<p>Jednym z 3 g\u0142\u00f3wnych filar\u00f3w dzia\u0142alno\u015bci HJ GROUP s\u0105 US\u0141UGI. Wi\u0119cej szczeg\u00f3\u0142\u00f3w ju\u017c wkr\u00f3tce!<\/p>\n","protected":false},"author":1,"featured_media":0,"parent":0,"menu_order":0,"comment_status":"closed","ping_status":"closed","template":"","meta":{"footnotes":""},"class_list":["post-29","page","type-page","status-publish","hentry"],"_links":{"self":[{"href":"https:\/\/hjgroup.pl\/index.php?rest_route=\/wp\/v2\/pages\/29","targetHints":{"allow":["GET"]}}],"collection":[{"href":"https:\/\/hjgroup.pl\/index.php?rest_route=\/wp\/v2\/pages"}],"about":[{"href":"https:\/\/hjgroup.pl\/index.php?rest_route=\/wp\/v2\/types\/page"}],"author":[{"embeddable":true,"href":"https:\/\/hjgroup.pl\/index.php?rest_route=\/wp\/v2\/users\/1"}],"replies":[{"embeddable":true,"href":"https:\/\/hjgroup.pl\/index.php?rest_route=%2Fwp%2Fv2%2Fcomments&post=29"}],"version-history":[{"count":2,"href":"https:\/\/hjgroup.pl\/index.php?rest_route=\/wp\/v2\/pages\/29\/revisions"}],"predecessor-version":[{"id":86,"href":"https:\/\/hjgroup.pl\/index.php?rest_route=\/wp\/v2\/pages\/29\/revisions\/86"}],"wp:attachment":[{"href":"https:\/\/hjgroup.pl\/index.php?rest_route=%2Fwp%2Fv2%2Fmedia&parent=29"}],"curies":[{"name":"wp","href":"https:\/\/api.w.org\/{rel}","templated":true}]}}