{"id":3,"date":"2020-04-22T19:00:22","date_gmt":"2020-04-22T17:00:22","guid":{"rendered":"http:\/\/hjgroup.pl\/?page_id=3"},"modified":"2020-08-06T16:50:29","modified_gmt":"2020-08-06T14:50:29","slug":"polityka-cookies","status":"publish","type":"page","link":"https:\/\/hjgroup.pl\/?page_id=3","title":{"rendered":"Polityka cookies"},"content":{"rendered":"<p>Opisana polityka plik\u00f3w cookies lub podobnych technologii odnosi si\u0119 do wszystkich stron internetowych oraz aplikacji na urz\u0105dzenia mobilne, w aktualnie przegl\u0105danej domenie.<br \/>\nCiasteczka (ang. cookies) &#8211; niewielkie informacje tekstowe, wysy\u0142ane przez serwer WWW i zapisywane po stronie u\u017cytkownika (zazwyczaj na twardym dysku). Domy\u015blne parametry ciasteczek pozwalaj\u0105 na odczytanie informacji w nich zawartych jedynie serwerowi, kt\u00f3ry je utworzy\u0142. Ciasteczka s\u0105 stosowane najcz\u0119\u015bciej w przypadku licznik\u00f3w, sond, sklep\u00f3w internetowych, stron wymagaj\u0105cych logowania, reklam i do monitorowania aktywno\u015bci odwiedzaj\u0105cych.<\/p>\n<p>Wykorzystujemy pliki cookies w celu:<\/p>\n<p>umo\u017cliwienia korzystania z Panelu Klienta,<br \/>\numo\u017cliwienia korzystania z Programu Partnerskiego,<br \/>\ndostosowania serwisu do preferencji u\u017cytkownik\u00f3w,<br \/>\npozyskiwania anonimowych danych dotycz\u0105cych sposobu, w jaki u\u017cytkownicy korzystaj\u0105 z serwisu,<br \/>\nu\u0142atwienia u\u017cytkownikom poruszania si\u0119 po stronach serwisu i korzystania z niego,<br \/>\nzapewnienia standard\u00f3w bezpiecze\u0144stwa.<\/p>\n<p>Stosujemy pliki cookies &#8222;sta\u0142e&#8221; oraz &#8222;sesyjne&#8221;. Pliki cookies &#8222;sta\u0142e&#8221; pozostaj\u0105 w przegl\u0105darce internetowej urz\u0105dzenia do czasu ich usuni\u0119cia przez u\u017cytkownika b\u0105d\u017a do z g\u00f3ry ustalonego czasu okre\u015blonego w parametrach pliku cookies. &#8222;Sesyjne&#8221; pliki cookies pozostaj\u0105 w przegl\u0105darce do momentu jej wy\u0142\u0105czenia lub wylogowania si\u0119 ze strony internetowej na kt\u00f3rej zosta\u0142y zamieszczone.<\/p>\n<p>Pliki cookies wykorzystywane s\u0105 r\u00f3wnie\u017c przez podmiot wsp\u00f3\u0142pracuj\u0105cy \u2013 Google Inc. Wykorzystujemy us\u0142ugi Google Analytics oraz YouTube, kt\u00f3re legitymuj\u0105 si\u0119 w\u0142asn\u0105 polityk\u0105 prywatno\u015bci:<\/p>\n<p>Polityka ochrony prywatno\u015bci Google Analytics &gt; http:\/\/www.google.pl\/intl\/pl\/analytics\/privacyoverview.html<br \/>\nPolityka ochrony prywatno\u015bci YouTube &gt; http:\/\/www.google.pl\/intl\/pl\/policies\/privacy\/<\/p>\n<p>Wszystkie nowoczesne przegl\u0105darki pozwalaj\u0105 na w\u0142\u0105czenie b\u0105d\u017a wy\u0142\u0105czenie mechanizmu ciasteczek (domy\u015blnie zazwyczaj jest on w\u0142\u0105czony). Je\u015bli u\u017cytkownik nie chce otrzymywa\u0107 plik\u00f3w cookie, mo\u017ce zmieni\u0107 ustawienia swojej przegl\u0105darki internetowej.<br \/>\nWy\u0142\u0105czenie obs\u0142ugi cookies mo\u017ce znacznie utrudni\u0107 lub uniemo\u017cliwi\u0107 korzystanie z wielu stron internetowych.<\/p>\n<p>Informacje na temat zmiany ustawie\u0144 dotycz\u0105cych ciasteczek w poszczeg\u00f3lnych przegl\u0105darkach dost\u0119pne s\u0105 na poni\u017cszych stronach:<\/p>\n<p>Chrome &gt; http:\/\/support.google.com\/chrome\/bin\/answer.py?hl=pl&amp;answer=95647<br \/>\nFirefox &gt; http:\/\/support.mozilla.org\/pl\/kb\/W%C5%82%C4%85czanie%20i%20wy%C5%82%C4%85czanie%20obs%C5%82ugi%20ciasteczek<br \/>\nInternet Explorer &gt; http:\/\/support.microsoft.com\/kb\/196955<br \/>\nOpera &gt; http:\/\/help.opera.com\/Windows\/12.10\/pl\/cookies.html<br \/>\nSafari &gt; http:\/\/support.apple.com\/kb\/PH5042<\/p>\n<p>Instrukcje dla urz\u0105dze\u0144 mobilnych:<\/p>\n<p>Android &gt; http:\/\/support.google.com\/chrome\/bin\/answer.py?hl=pl&amp;answer=95647<br \/>\nBlackberry &gt; http:\/\/docs.blackberry.com\/en\/smartphone_users\/deliverables\/32004\/Turn_off_cookies_in_the_browser_60_1072866_11.jsp<br \/>\niOS (Safari) &gt; http:\/\/support.apple.com\/kb\/HT1677?viewlocale=pl_PL<br \/>\nWindows Phone &gt; http:\/\/www.windowsphone.com\/pl-pl\/how-to\/wp7\/web\/changing-privacy-and-other-browser-settings<\/p>\n","protected":false},"excerpt":{"rendered":"<p>Opisana polityka plik\u00f3w cookies lub podobnych technologii odnosi si\u0119 do wszystkich stron internetowych oraz aplikacji na urz\u0105dzenia mobilne, w aktualnie [&hellip;]<\/p>\n","protected":false},"author":1,"featured_media":0,"parent":0,"menu_order":0,"comment_status":"closed","ping_status":"closed","template":"","meta":{"footnotes":""},"class_list":["post-3","page","type-page","status-publish","hentry"],"_links":{"self":[{"href":"https:\/\/hjgroup.pl\/index.php?rest_route=\/wp\/v2\/pages\/3","targetHints":{"allow":["GET"]}}],"collection":[{"href":"https:\/\/hjgroup.pl\/index.php?rest_route=\/wp\/v2\/pages"}],"about":[{"href":"https:\/\/hjgroup.pl\/index.php?rest_route=\/wp\/v2\/types\/page"}],"author":[{"embeddable":true,"href":"https:\/\/hjgroup.pl\/index.php?rest_route=\/wp\/v2\/users\/1"}],"replies":[{"embeddable":true,"href":"https:\/\/hjgroup.pl\/index.php?rest_route=%2Fwp%2Fv2%2Fcomments&post=3"}],"version-history":[{"count":2,"href":"https:\/\/hjgroup.pl\/index.php?rest_route=\/wp\/v2\/pages\/3\/revisions"}],"predecessor-version":[{"id":54,"href":"https:\/\/hjgroup.pl\/index.php?rest_route=\/wp\/v2\/pages\/3\/revisions\/54"}],"wp:attachment":[{"href":"https:\/\/hjgroup.pl\/index.php?rest_route=%2Fwp%2Fv2%2Fmedia&parent=3"}],"curies":[{"name":"wp","href":"https:\/\/api.w.org\/{rel}","templated":true}]}}