{"id":30,"date":"2020-08-06T13:39:50","date_gmt":"2020-08-06T11:39:50","guid":{"rendered":"http:\/\/hjgroup.pl\/?page_id=30"},"modified":"2020-12-28T12:25:13","modified_gmt":"2020-12-28T11:25:13","slug":"praca","status":"publish","type":"page","link":"https:\/\/hjgroup.pl\/?page_id=30","title":{"rendered":"PRACA"},"content":{"rendered":"<p>W obecnej chwili nie prowadzimy rekrutacji na \u017cadne stanowisko.<\/p>\n<p>Je\u015bli jednak chcia\u0142by\u015b\/chcia\u0142aby\u015b do\u0142\u0105czy\u0107 do naszego Zespo\u0142u w przysz\u0142o\u015bci prze\u015blij swoje CV wraz z listem motywacyjnym na adres: kontakt@hjgroup.pl. W przypadku og\u0142oszenia kolejnych nabor\u00f3w, w kt\u00f3rych Twoje kwalifikacje b\u0119d\u0105 zbie\u017cne z wymaganiami stanowiska z pewno\u015bci\u0105 skontaktujemy si\u0119 z Tob\u0105.<\/p>\n<p>Prosimy o do\u0142\u0105czenie poni\u017cszego o\u015bwiadczenia:<br \/>\n\u201eWyra\u017cam zgod\u0119 na przetwarzanie moich danych osobowych przez firm\u0119 HJ GROUP dla potrzeb niezb\u0119dnych dla realizacji procesu rekrutacji (zgodnie z ustaw\u0105 z dn. 29.08.97 roku o Ochronie Danych Osobowych Dz. Ust Nr 133 poz. 883)\u201d.<\/p>\n<p>Zapraszamy!<\/p>\n","protected":false},"excerpt":{"rendered":"<p>W obecnej chwili nie prowadzimy rekrutacji na \u017cadne stanowisko. Je\u015bli jednak chcia\u0142by\u015b\/chcia\u0142aby\u015b do\u0142\u0105czy\u0107 do naszego Zespo\u0142u w przysz\u0142o\u015bci prze\u015blij swoje [&hellip;]<\/p>\n","protected":false},"author":1,"featured_media":88,"parent":0,"menu_order":0,"comment_status":"closed","ping_status":"closed","template":"","meta":{"footnotes":""},"class_list":["post-30","page","type-page","status-publish","has-post-thumbnail","hentry"],"_links":{"self":[{"href":"https:\/\/hjgroup.pl\/index.php?rest_route=\/wp\/v2\/pages\/30","targetHints":{"allow":["GET"]}}],"collection":[{"href":"https:\/\/hjgroup.pl\/index.php?rest_route=\/wp\/v2\/pages"}],"about":[{"href":"https:\/\/hjgroup.pl\/index.php?rest_route=\/wp\/v2\/types\/page"}],"author":[{"embeddable":true,"href":"https:\/\/hjgroup.pl\/index.php?rest_route=\/wp\/v2\/users\/1"}],"replies":[{"embeddable":true,"href":"https:\/\/hjgroup.pl\/index.php?rest_route=%2Fwp%2Fv2%2Fcomments&post=30"}],"version-history":[{"count":9,"href":"https:\/\/hjgroup.pl\/index.php?rest_route=\/wp\/v2\/pages\/30\/revisions"}],"predecessor-version":[{"id":87,"href":"https:\/\/hjgroup.pl\/index.php?rest_route=\/wp\/v2\/pages\/30\/revisions\/87"}],"wp:featuredmedia":[{"embeddable":true,"href":"https:\/\/hjgroup.pl\/index.php?rest_route=\/wp\/v2\/media\/88"}],"wp:attachment":[{"href":"https:\/\/hjgroup.pl\/index.php?rest_route=%2Fwp%2Fv2%2Fmedia&parent=30"}],"curies":[{"name":"wp","href":"https:\/\/api.w.org\/{rel}","templated":true}]}}