{"id":32,"date":"2020-08-06T13:39:50","date_gmt":"2020-08-06T11:39:50","guid":{"rendered":"http:\/\/hjgroup.pl\/?page_id=32"},"modified":"2020-12-04T00:09:00","modified_gmt":"2020-12-03T23:09:00","slug":"kontakt","status":"publish","type":"page","link":"https:\/\/hjgroup.pl\/?page_id=32","title":{"rendered":"KONTAKT"},"content":{"rendered":"<p>Serdecznie zapraszamy do kontaktu!<br \/>\nW przypadku jakichkolwiek pyta\u0144 dotycz\u0105cych oferty naszej firmy  z ch\u0119ci\u0105 udzielimy odpowiedzi.<\/p>\n<p>Zapraszamy r\u00f3wnie\u017c do kontaktu w celu uzyskania szczeg\u00f3\u0142owych informacji na temat oferowanych przez nas produkt\u00f3w i us\u0142ug.<\/p>\n<p>Jeste\u015bmy do Pa\u0144stwa dyspozycji i z ch\u0119ci\u0105 odpowiemy na wszystkie Pa\u0144stwa pytania.<\/p>\n<p>e-mail: kontakt@hjgroup.pl<br \/>\nkom.: +48 604 950 830<\/p>\n","protected":false},"excerpt":{"rendered":"<p>Serdecznie zapraszamy do kontaktu! W przypadku jakichkolwiek pyta\u0144 dotycz\u0105cych oferty naszej firmy z ch\u0119ci\u0105 udzielimy odpowiedzi. Zapraszamy r\u00f3wnie\u017c do kontaktu [&hellip;]<\/p>\n","protected":false},"author":1,"featured_media":72,"parent":0,"menu_order":0,"comment_status":"closed","ping_status":"closed","template":"","meta":{"footnotes":""},"class_list":["post-32","page","type-page","status-publish","has-post-thumbnail","hentry"],"_links":{"self":[{"href":"https:\/\/hjgroup.pl\/index.php?rest_route=\/wp\/v2\/pages\/32","targetHints":{"allow":["GET"]}}],"collection":[{"href":"https:\/\/hjgroup.pl\/index.php?rest_route=\/wp\/v2\/pages"}],"about":[{"href":"https:\/\/hjgroup.pl\/index.php?rest_route=\/wp\/v2\/types\/page"}],"author":[{"embeddable":true,"href":"https:\/\/hjgroup.pl\/index.php?rest_route=\/wp\/v2\/users\/1"}],"replies":[{"embeddable":true,"href":"https:\/\/hjgroup.pl\/index.php?rest_route=%2Fwp%2Fv2%2Fcomments&post=32"}],"version-history":[{"count":3,"href":"https:\/\/hjgroup.pl\/index.php?rest_route=\/wp\/v2\/pages\/32\/revisions"}],"predecessor-version":[{"id":73,"href":"https:\/\/hjgroup.pl\/index.php?rest_route=\/wp\/v2\/pages\/32\/revisions\/73"}],"wp:featuredmedia":[{"embeddable":true,"href":"https:\/\/hjgroup.pl\/index.php?rest_route=\/wp\/v2\/media\/72"}],"wp:attachment":[{"href":"https:\/\/hjgroup.pl\/index.php?rest_route=%2Fwp%2Fv2%2Fmedia&parent=32"}],"curies":[{"name":"wp","href":"https:\/\/api.w.org\/{rel}","templated":true}]}}