{"id":55,"date":"2020-12-03T22:50:17","date_gmt":"2020-12-03T21:50:17","guid":{"rendered":"http:\/\/hjgroup.pl\/?page_id=55"},"modified":"2021-01-07T23:41:01","modified_gmt":"2021-01-07T22:41:01","slug":"o-firmie","status":"publish","type":"page","link":"https:\/\/hjgroup.pl\/?page_id=55","title":{"rendered":"O FIRMIE"},"content":{"rendered":"<p>HJ GROUP to firma, w kt\u00f3rej dzia\u0142amy z pasj\u0105. Od lat spe\u0142niamy marzenia i d\u0105\u017cymy konsekwentnie do osi\u0105gni\u0119cia postawionych sobie cel\u00f3w.<\/p>\n<p>HJ GROUP to grupa ekspert\u00f3w w swoich dziedzinach z wieloletnim do\u015bwiadczeniem zdobytym w wielu projektach krajowych jak i zagranicznych.<br \/>\nUzupe\u0142nieniem dzia\u0142alno\u015bci jest realizacja projekt\u00f3w z zakresu CSR. Pragniemy aby nasza dzia\u0142alno\u015b\u0107 mia\u0142a pozytywny wp\u0142yw na \u015brodowisko naturalne i nasze \u017cycie.<\/p>\n<p>Nasz Zesp\u00f3\u0142 to gwarancja rzetelnej wiedzy popartej bogatym do\u015bwiadczeniem. To ludzie stale doskonal\u0105cy swoje umiej\u0119tno\u015bci, pod\u0105\u017caj\u0105cy za trendami, co potwierdzaj\u0105 licznie zdobyte certyfikaty i dyplomy. Nie uznajemy p\u00f3\u0142-\u015brodk\u00f3w, stawiamy na najwy\u017csz\u0105 jako\u015b\u0107 wsparcia firm &#8211; naszych klient\u00f3w w drodze do sukcesu.<\/p>\n<p>POZNAJ NASZ\u0104 HISTORI\u0118<br \/>\nWszystko zaczyna si\u0119 w 1989 roku. Powstaje Zak\u0142ad Krawiecki, kt\u00f3ry rozpoczyna dzia\u0142alno\u015b\u0107 w jednym z pokoi w domku jednorodzinnym. Jeden pok\u00f3j, jedna maszyna, g\u0142owa pomys\u0142\u00f3w i mn\u00f3stwo ch\u0119ci. Z roku na rok Zak\u0142ad si\u0119 dynamicznie rozwija. Ro\u015bnie liczba zatrudnionych os\u00f3b, a zasi\u0119g dzia\u0142alno\u015bci i liczba klient\u00f3w systematycznie poszerza si\u0119.<\/p>\n<p>W 1996 roku si\u0119ga region\u00f3w: Wojew\u00f3dztwa Lubuskiego, Wielkopolski i Dolnego \u015al\u0105ska. Jako uzupe\u0142nienie dzia\u0142alno\u015bci zaczyna dzia\u0142a\u0107 hurtownia tkanin obs\u0142uguj\u0105ca sklepy oraz producent\u00f3w odzie\u017cy w zachodniej i zachodnio-po\u0142udniowej cz\u0119\u015bci Polski.<\/p>\n<p>W 2005 zachodzi zmiana pokoleniowa. Wyzwaniem staje si\u0119 prowadzenie Zak\u0142adu w obliczu zmian trend\u00f3w rynkowych i gospodarczych. Tania odzie\u017c z Chin, rosn\u0105ce Galerie, wchodz\u0105ce do Polski du\u017ce sieci odzie\u017cowe to nie lada wyzwanie. Ale my, nie poddajemy si\u0119.<\/p>\n<p>2018 rok to swego prze\u0142om w dzia\u0142alno\u015bci. Zakres dzia\u0142alno\u015bci ponownie si\u0119 poszerza. Tym razem o consulting. Kilkana\u015bcie lat pracy w korporacji, w mi\u0119dzynarodowym \u015brodowisku, liczne projekty, udzia\u0142 w ekspansji firmy b\u0119d\u0105cej w czo\u0142\u00f3wce firm w bran\u017cy na \u015bwiecie to ogromny kapita\u0142 wiedzy, kt\u00f3ry wykorzystujemy w prowadzeniu firmy. Chcemy te\u017c dzieli\u0107 si\u0119 tym do\u015bwiadczeniem z innymi firmami, wspieraj\u0105c je w drodze do sukcesu, do osi\u0105gania za\u0142o\u017conych przez siebie cel\u00f3w.<br \/>\nZaczynamy dzia\u0142a\u0107 i wspiera\u0107 firmy od ma\u0142ych po te du\u017ce o zasi\u0119gu globalnym. \u015awiadczymy us\u0142ugi z zakresu szeroko poj\u0119tego zarz\u0105dzania, marketingu, szkole\u0144.<\/p>\n<p>Zapraszamy do kontaktu.<\/p>\n","protected":false},"excerpt":{"rendered":"<p>HJ GROUP to firma, w kt\u00f3rej dzia\u0142amy z pasj\u0105. Od lat spe\u0142niamy marzenia i d\u0105\u017cymy konsekwentnie do osi\u0105gni\u0119cia postawionych sobie [&hellip;]<\/p>\n","protected":false},"author":1,"featured_media":0,"parent":0,"menu_order":0,"comment_status":"closed","ping_status":"closed","template":"","meta":{"footnotes":""},"class_list":["post-55","page","type-page","status-publish","hentry"],"_links":{"self":[{"href":"https:\/\/hjgroup.pl\/index.php?rest_route=\/wp\/v2\/pages\/55","targetHints":{"allow":["GET"]}}],"collection":[{"href":"https:\/\/hjgroup.pl\/index.php?rest_route=\/wp\/v2\/pages"}],"about":[{"href":"https:\/\/hjgroup.pl\/index.php?rest_route=\/wp\/v2\/types\/page"}],"author":[{"embeddable":true,"href":"https:\/\/hjgroup.pl\/index.php?rest_route=\/wp\/v2\/users\/1"}],"replies":[{"embeddable":true,"href":"https:\/\/hjgroup.pl\/index.php?rest_route=%2Fwp%2Fv2%2Fcomments&post=55"}],"version-history":[{"count":8,"href":"https:\/\/hjgroup.pl\/index.php?rest_route=\/wp\/v2\/pages\/55\/revisions"}],"predecessor-version":[{"id":102,"href":"https:\/\/hjgroup.pl\/index.php?rest_route=\/wp\/v2\/pages\/55\/revisions\/102"}],"wp:attachment":[{"href":"https:\/\/hjgroup.pl\/index.php?rest_route=%2Fwp%2Fv2%2Fmedia&parent=55"}],"curies":[{"name":"wp","href":"https:\/\/api.w.org\/{rel}","templated":true}]}}